{"id":151,"date":"2025-08-04T13:58:01","date_gmt":"2025-08-04T16:58:01","guid":{"rendered":"https:\/\/coopsoli.baita.app.br\/?page_id=151"},"modified":"2026-02-26T15:31:41","modified_gmt":"2026-02-26T18:31:41","slug":"a-coopsoli","status":"publish","type":"page","link":"https:\/\/coopsoli.com.br\/en\/a-coopsoli\/","title":{"rendered":"Coopsoli"},"content":{"rendered":"<div data-elementor-type=\"wp-page\" data-elementor-id=\"151\" class=\"elementor elementor-151\" data-elementor-post-type=\"page\">\n\t\t\t\t<div class=\"elementor-element elementor-element-efd8619 e-flex e-con-boxed e-con e-parent\" data-id=\"efd8619\" data-element_type=\"container\" data-settings=\"{&quot;background_background&quot;:&quot;classic&quot;,&quot;shape_divider_bottom&quot;:&quot;curve&quot;,&quot;shape_divider_bottom_negative&quot;:&quot;yes&quot;,&quot;jet_parallax_layout_list&quot;:[]}\">\n\t\t\t\t\t<div class=\"e-con-inner\">\n\t\t\t\t<div class=\"elementor-shape elementor-shape-bottom\" aria-hidden=\"true\" data-negative=\"true\">\n\t\t\t<svg xmlns=\"http:\/\/www.w3.org\/2000\/svg\" viewbox=\"0 0 1000 100\" preserveaspectratio=\"none\">\n\t<path class=\"elementor-shape-fill\" d=\"M500,97C126.7,96.3,0.8,19.8,0,0v100l1000,0V1C1000,19.4,873.3,97.8,500,97z\"\/>\n<\/svg>\t\t<\/div>\n\t\t\t\t<div class=\"elementor-element elementor-element-6e59ff0 elementor-widget-divider--view-line elementor-widget elementor-widget-divider\" data-id=\"6e59ff0\" data-element_type=\"widget\" data-widget_type=\"divider.default\">\n\t\t\t\t\t\t\t<div class=\"elementor-divider\">\n\t\t\t<span class=\"elementor-divider-separator\">\n\t\t\t\t\t\t<\/span>\n\t\t<\/div>\n\t\t\t\t\t\t<\/div>\n\t\t\t\t<div class=\"elementor-element elementor-element-e724adc elementor-widget elementor-widget-heading\" data-id=\"e724adc\" data-element_type=\"widget\" data-widget_type=\"heading.default\">\n\t\t\t\t\t<h1 class=\"elementor-heading-title elementor-size-default\">Quem Somos<\/h1>\t\t\t\t<\/div>\n\t\t\t\t<div class=\"elementor-element elementor-element-66b4a9e elementor-widget__width-initial elementor-widget elementor-widget-text-editor\" data-id=\"66b4a9e\" data-element_type=\"widget\" data-widget_type=\"text-editor.default\">\n\t\t\t\t\t\t\t\t\t<p>A Coopsoli nasceu da uni\u00e3o de 25 pequenos produtores com o prop\u00f3sito de tornar a citricultura mais valorizada e sustent\u00e1vel, fortalecendo seus cooperados para um futuro pr\u00f3spero.<\/p>\t\t\t\t\t\t\t\t<\/div>\n\t\t\t\t\t<\/div>\n\t\t\t\t<\/div>\n\t\t<div class=\"elementor-element elementor-element-bb9e926 e-flex e-con-boxed e-con e-parent\" data-id=\"bb9e926\" data-element_type=\"container\" data-settings=\"{&quot;jet_parallax_layout_list&quot;:[]}\">\n\t\t\t\t\t<div class=\"e-con-inner\">\n\t\t\t\t<div class=\"elementor-element elementor-element-230a59f elementor-invisible elementor-widget elementor-widget-heading\" data-id=\"230a59f\" data-element_type=\"widget\" data-settings=\"{&quot;_animation&quot;:&quot;zoomIn&quot;}\" data-widget_type=\"heading.default\">\n\t\t\t\t\t<h2 class=\"elementor-heading-title elementor-size-default\">O que nos define<\/h2>\t\t\t\t<\/div>\n\t\t\t\t\t<\/div>\n\t\t\t\t<\/div>\n\t\t<div class=\"elementor-element elementor-element-bf45f2f e-flex e-con-boxed e-con e-parent\" data-id=\"bf45f2f\" data-element_type=\"container\" data-settings=\"{&quot;jet_parallax_layout_list&quot;:[]}\">\n\t\t\t\t\t<div class=\"e-con-inner\">\n\t\t<div class=\"elementor-element elementor-element-3dfd95d e-con-full e-flex elementor-invisible e-con e-child\" data-id=\"3dfd95d\" data-element_type=\"container\" data-settings=\"{&quot;animation&quot;:&quot;fadeInLeft&quot;,&quot;jet_parallax_layout_list&quot;:[]}\">\n\t\t\t\t<div class=\"elementor-element elementor-element-caf8d0f elementor-widget elementor-widget-image\" data-id=\"caf8d0f\" data-element_type=\"widget\" data-widget_type=\"image.default\">\n\t\t\t\t\t\t\t\t\t\t\t\t\t\t\t<img decoding=\"async\" width=\"80\" height=\"80\" src=\"https:\/\/coopsoli.com.br\/wp-content\/uploads\/2025\/08\/Icon-2-1.webp\" class=\"attachment-full size-full wp-image-178\" alt=\"\" \/>\t\t\t\t\t\t\t\t\t\t\t\t\t\t\t<\/div>\n\t\t\t\t<div class=\"elementor-element elementor-element-4c5ec06 elementor-widget elementor-widget-heading\" data-id=\"4c5ec06\" data-element_type=\"widget\" data-widget_type=\"heading.default\">\n\t\t\t\t\t<h2 class=\"elementor-heading-title elementor-size-default\">Certifica\u00e7\u00e3o Fairtrade<\/h2>\t\t\t\t<\/div>\n\t\t\t\t<div class=\"elementor-element elementor-element-3dd29c4 elementor-widget elementor-widget-text-editor\" data-id=\"3dd29c4\" data-element_type=\"widget\" data-widget_type=\"text-editor.default\">\n\t\t\t\t\t\t\t\t\t<p>Abre as portas do mercado internacional para a produ\u00e7\u00e3o da Coopsoli.<\/p>\t\t\t\t\t\t\t\t<\/div>\n\t\t\t\t<\/div>\n\t\t<div class=\"elementor-element elementor-element-bc6bba4 e-con-full e-flex elementor-invisible e-con e-child\" data-id=\"bc6bba4\" data-element_type=\"container\" data-settings=\"{&quot;animation&quot;:&quot;fadeInUp&quot;,&quot;jet_parallax_layout_list&quot;:[]}\">\n\t\t\t\t<div class=\"elementor-element elementor-element-750b99d elementor-widget elementor-widget-image\" data-id=\"750b99d\" data-element_type=\"widget\" data-widget_type=\"image.default\">\n\t\t\t\t\t\t\t\t\t\t\t\t\t\t\t<img decoding=\"async\" width=\"80\" height=\"80\" src=\"https:\/\/coopsoli.com.br\/wp-content\/uploads\/2025\/08\/trending_up.webp\" class=\"attachment-full size-full wp-image-179\" alt=\"\" \/>\t\t\t\t\t\t\t\t\t\t\t\t\t\t\t<\/div>\n\t\t\t\t<div class=\"elementor-element elementor-element-c6ab1c1 elementor-widget elementor-widget-heading\" data-id=\"c6ab1c1\" data-element_type=\"widget\" data-widget_type=\"heading.default\">\n\t\t\t\t\t<h2 class=\"elementor-heading-title elementor-size-default\">Crescimento cont\u00ednuo<\/h2>\t\t\t\t<\/div>\n\t\t\t\t<div class=\"elementor-element elementor-element-eb6b7eb elementor-widget elementor-widget-text-editor\" data-id=\"eb6b7eb\" data-element_type=\"widget\" data-widget_type=\"text-editor.default\">\n\t\t\t\t\t\t\t\t\t<p>Eleva a produtividade e qualidade dos frutos.<\/p>\t\t\t\t\t\t\t\t<\/div>\n\t\t\t\t<\/div>\n\t\t<div class=\"elementor-element elementor-element-b559195 e-con-full e-flex elementor-invisible e-con e-child\" data-id=\"b559195\" data-element_type=\"container\" data-settings=\"{&quot;animation&quot;:&quot;fadeInRight&quot;,&quot;jet_parallax_layout_list&quot;:[]}\">\n\t\t\t\t<div class=\"elementor-element elementor-element-96db261 elementor-widget elementor-widget-image\" data-id=\"96db261\" data-element_type=\"widget\" data-widget_type=\"image.default\">\n\t\t\t\t\t\t\t\t\t\t\t\t\t\t\t<img decoding=\"async\" width=\"80\" height=\"80\" src=\"https:\/\/coopsoli.com.br\/wp-content\/uploads\/2025\/08\/handshake.webp\" class=\"attachment-full size-full wp-image-177\" alt=\"\" \/>\t\t\t\t\t\t\t\t\t\t\t\t\t\t\t<\/div>\n\t\t\t\t<div class=\"elementor-element elementor-element-6eda989 elementor-widget elementor-widget-heading\" data-id=\"6eda989\" data-element_type=\"widget\" data-widget_type=\"heading.default\">\n\t\t\t\t\t<h2 class=\"elementor-heading-title elementor-size-default\">Parcerias estrat\u00e9gicas<\/h2>\t\t\t\t<\/div>\n\t\t\t\t<div class=\"elementor-element elementor-element-2898cda elementor-widget elementor-widget-text-editor\" data-id=\"2898cda\" data-element_type=\"widget\" data-widget_type=\"text-editor.default\">\n\t\t\t\t\t\t\t\t\t<p>Promovendo pesquisa e inova\u00e7\u00e3o junto a institui\u00e7\u00f5es como o Fundecitrus (Fundo de Defesa da Citricultura).<\/p>\t\t\t\t\t\t\t\t<\/div>\n\t\t\t\t<\/div>\n\t\t\t\t\t<\/div>\n\t\t\t\t<\/div>\n\t\t<div class=\"elementor-element elementor-element-0756306 e-flex e-con-boxed e-con e-parent\" data-id=\"0756306\" data-element_type=\"container\" data-settings=\"{&quot;jet_parallax_layout_list&quot;:[]}\">\n\t\t\t\t\t<div class=\"e-con-inner\">\n\t\t<div class=\"elementor-element elementor-element-e6297fc e-con-full e-flex elementor-invisible e-con e-child\" data-id=\"e6297fc\" data-element_type=\"container\" data-settings=\"{&quot;animation&quot;:&quot;fadeInLeft&quot;,&quot;jet_parallax_layout_list&quot;:[]}\">\n\t\t\t\t<div class=\"elementor-element elementor-element-4dfb665 elementor-widget elementor-widget-heading\" data-id=\"4dfb665\" data-element_type=\"widget\" data-widget_type=\"heading.default\">\n\t\t\t\t\t<h2 class=\"elementor-heading-title elementor-size-default\">Onde Estamos Localizados<\/h2>\t\t\t\t<\/div>\n\t\t\t\t<\/div>\n\t\t<div class=\"elementor-element elementor-element-44770f4 e-con-full e-flex elementor-invisible e-con e-child\" data-id=\"44770f4\" data-element_type=\"container\" data-settings=\"{&quot;animation&quot;:&quot;fadeInUp&quot;,&quot;jet_parallax_layout_list&quot;:[]}\">\n\t\t\t\t<div class=\"elementor-element elementor-element-830cfc2 elementor-widget elementor-widget-image\" data-id=\"830cfc2\" data-element_type=\"widget\" data-widget_type=\"image.default\">\n\t\t\t\t\t\t\t\t\t\t\t\t\t\t\t<img loading=\"lazy\" decoding=\"async\" width=\"50\" height=\"50\" src=\"https:\/\/coopsoli.com.br\/wp-content\/uploads\/2025\/08\/Vector.webp\" class=\"attachment-full size-full wp-image-197\" alt=\"\" \/>\t\t\t\t\t\t\t\t\t\t\t\t\t\t\t<\/div>\n\t\t<div class=\"elementor-element elementor-element-e93bbc7 e-con-full e-flex e-con e-child\" data-id=\"e93bbc7\" data-element_type=\"container\" data-settings=\"{&quot;jet_parallax_layout_list&quot;:[]}\">\n\t\t\t\t<div class=\"elementor-element elementor-element-42db68d elementor-widget elementor-widget-heading\" data-id=\"42db68d\" data-element_type=\"widget\" data-widget_type=\"heading.default\">\n\t\t\t\t\t<h2 class=\"elementor-heading-title elementor-size-default\">Endere\u00e7o<\/h2>\t\t\t\t<\/div>\n\t\t\t\t<div class=\"elementor-element elementor-element-c6618ab elementor-mobile-align-center elementor-icon-list--layout-traditional elementor-list-item-link-full_width elementor-widget elementor-widget-icon-list\" data-id=\"c6618ab\" data-element_type=\"widget\" data-widget_type=\"icon-list.default\">\n\t\t\t\t\t\t\t<ul class=\"elementor-icon-list-items\">\n\t\t\t\t\t\t\t<li class=\"elementor-icon-list-item\">\n\t\t\t\t\t\t\t\t\t\t\t<a href=\"https:\/\/www.google.com.br\/maps\/place\/Cocamar+-+Admistra%C3%A7%C3%A3o+Central\/@-23.4384752,-51.9859441,17z\/data=!4m10!1m2!2m1!1sEstrada+Oswaldo+de+Moraes+Correa,+1000,+Sala+21+Cxpst+932+-+Parque+Industrial,+Maringa+-+PR,+87.065-590!3m6!1s0x94ecd7aa2052830f:0xb1e21c5fcd97f341!8m2!3d-23.4336128!4d-51.9810943!15sCmdFc3RyYWRhIE9zd2FsZG8gZGUgTW9yYWVzIENvcnJlYSwgMTAwMCwgU2FsYSAyMSBDeHBzdCA5MzIgLSBQYXJxdWUgSW5kdXN0cmlhbCwgTWFyaW5nYSAtIFBSLCA4Ny4wNjUtNTkwWmEiX2VzdHJhZGEgb3N3YWxkbyBkZSBtb3JhZXMgY29ycmVhIDEwMDAgc2FsYSAyMSBjeHBzdCA5MzIgcGFycXVlIGluZHVzdHJpYWwgbWFyaW5nYSBwciA4Ny4wNjUgNTkwkgEaZmFybWluZ19hbmRfY2F0dGxlX3JhaXNpbmeaASNDaFpEU1VoTk1HOW5TMFZKUTBGblNVTndkbVpIWjFsQkVBReABAPoBBAgAEBY!16s%2Fg%2F11c45rtvwv?entry=ttu&#038;g_ep=EgoyMDI1MDczMC4wIKXMDSoASAFQAw%3D%3D\" target=\"_blank\" rel=\"noopener\">\n\n\t\t\t\t\t\t\t\t\t\t\t<span class=\"elementor-icon-list-text\">Estrada Oswaldo de Moraes Correa, 1000, Sala 21 Cxpst 932 - Parque Industrial, Maringa - PR, 87.065-590<\/span>\n\t\t\t\t\t\t\t\t\t\t\t<\/a>\n\t\t\t\t\t\t\t\t\t<\/li>\n\t\t\t\t\t\t<\/ul>\n\t\t\t\t\t\t<\/div>\n\t\t\t\t<\/div>\n\t\t\t\t<\/div>\n\t\t<div class=\"elementor-element elementor-element-7e16a92 e-con-full e-flex elementor-invisible e-con e-child\" data-id=\"7e16a92\" data-element_type=\"container\" data-settings=\"{&quot;animation&quot;:&quot;fadeInUp&quot;,&quot;animation_delay&quot;:100,&quot;jet_parallax_layout_list&quot;:[]}\">\n\t\t\t\t<div class=\"elementor-element elementor-element-2fba5fc elementor-widget elementor-widget-image\" data-id=\"2fba5fc\" data-element_type=\"widget\" data-widget_type=\"image.default\">\n\t\t\t\t\t\t\t\t\t\t\t\t\t\t\t<img loading=\"lazy\" decoding=\"async\" width=\"50\" height=\"50\" src=\"https:\/\/coopsoli.com.br\/wp-content\/uploads\/2025\/08\/Vector-1.webp\" class=\"attachment-full size-full wp-image-196\" alt=\"\" \/>\t\t\t\t\t\t\t\t\t\t\t\t\t\t\t<\/div>\n\t\t<div class=\"elementor-element elementor-element-1199788 e-con-full e-flex e-con e-child\" data-id=\"1199788\" data-element_type=\"container\" data-settings=\"{&quot;jet_parallax_layout_list&quot;:[]}\">\n\t\t\t\t<div class=\"elementor-element elementor-element-abdc512 elementor-widget elementor-widget-heading\" data-id=\"abdc512\" data-element_type=\"widget\" data-widget_type=\"heading.default\">\n\t\t\t\t\t<h2 class=\"elementor-heading-title elementor-size-default\">Contact<\/h2>\t\t\t\t<\/div>\n\t\t\t\t<div class=\"elementor-element elementor-element-c04872d elementor-mobile-align-center elementor-icon-list--layout-traditional elementor-list-item-link-full_width elementor-widget elementor-widget-icon-list\" data-id=\"c04872d\" data-element_type=\"widget\" data-widget_type=\"icon-list.default\">\n\t\t\t\t\t\t\t<ul class=\"elementor-icon-list-items\">\n\t\t\t\t\t\t\t<li class=\"elementor-icon-list-item\">\n\t\t\t\t\t\t\t\t\t\t\t<a href=\"tel:4432213000\" target=\"_blank\">\n\n\t\t\t\t\t\t\t\t\t\t\t<span class=\"elementor-icon-list-text\">(44) 3221-3050<\/span>\n\t\t\t\t\t\t\t\t\t\t\t<\/a>\n\t\t\t\t\t\t\t\t\t<\/li>\n\t\t\t\t\t\t\t\t<li class=\"elementor-icon-list-item\">\n\t\t\t\t\t\t\t\t\t\t<span class=\"elementor-icon-list-text\">ccoopsoli@gmail.com<\/span>\n\t\t\t\t\t\t\t\t\t<\/li>\n\t\t\t\t\t\t\t\t<li class=\"elementor-icon-list-item\">\n\t\t\t\t\t\t\t\t\t\t\t<a href=\"tel:08006026909\" target=\"_blank\">\n\n\t\t\t\t\t\t\t\t\t\t\t<span class=\"elementor-icon-list-text\"><\/span>\n\t\t\t\t\t\t\t\t\t\t\t<\/a>\n\t\t\t\t\t\t\t\t\t<\/li>\n\t\t\t\t\t\t<\/ul>\n\t\t\t\t\t\t<\/div>\n\t\t\t\t<\/div>\n\t\t\t\t<\/div>\n\t\t\t\t\t<\/div>\n\t\t\t\t<\/div>\n\t\t\t\t<\/div>","protected":false},"excerpt":{"rendered":"<p>Quem Somos A Coopsoli nasceu da uni\u00e3o de 25 pequenos produtores com o prop\u00f3sito de tornar a citricultura mais valorizada e sustent\u00e1vel, fortalecendo seus cooperados para um futuro pr\u00f3spero. O que nos define Certifica\u00e7\u00e3o Fairtrade Abre as portas do mercado internacional para a produ\u00e7\u00e3o da Coopsoli. Crescimento cont\u00ednuo Eleva a produtividade e qualidade dos frutos. [&hellip;]<\/p>","protected":false},"author":1,"featured_media":0,"parent":0,"menu_order":0,"comment_status":"closed","ping_status":"closed","template":"","meta":{"_acf_changed":false,"footnotes":""},"class_list":["post-151","page","type-page","status-publish","hentry"],"acf":[],"_links":{"self":[{"href":"https:\/\/coopsoli.com.br\/en\/wp-json\/wp\/v2\/pages\/151","targetHints":{"allow":["GET"]}}],"collection":[{"href":"https:\/\/coopsoli.com.br\/en\/wp-json\/wp\/v2\/pages"}],"about":[{"href":"https:\/\/coopsoli.com.br\/en\/wp-json\/wp\/v2\/types\/page"}],"author":[{"embeddable":true,"href":"https:\/\/coopsoli.com.br\/en\/wp-json\/wp\/v2\/users\/1"}],"replies":[{"embeddable":true,"href":"https:\/\/coopsoli.com.br\/en\/wp-json\/wp\/v2\/comments?post=151"}],"version-history":[{"count":101,"href":"https:\/\/coopsoli.com.br\/en\/wp-json\/wp\/v2\/pages\/151\/revisions"}],"predecessor-version":[{"id":967,"href":"https:\/\/coopsoli.com.br\/en\/wp-json\/wp\/v2\/pages\/151\/revisions\/967"}],"wp:attachment":[{"href":"https:\/\/coopsoli.com.br\/en\/wp-json\/wp\/v2\/media?parent=151"}],"curies":[{"name":"wp","href":"https:\/\/api.w.org\/{rel}","templated":true}]}}